{"id":66,"date":"2023-05-01T20:38:11","date_gmt":"2023-05-01T20:38:11","guid":{"rendered":"http:\/\/www.artpack.com.tr\/?page_id=66"},"modified":"2025-08-04T12:23:11","modified_gmt":"2025-08-04T12:23:11","slug":"iletisim","status":"publish","type":"page","link":"http:\/\/www.artpack.com.tr\/index.php\/iletisim\/","title":{"rendered":"\u0130LET\u0130\u015e\u0130M"},"content":{"rendered":"<div data-colibri-id=\"66-c1\" class=\"style-346 style-local-66-c1 position-relative\">\r\n  <!---->\r\n  <div data-colibri-component=\"section\" data-colibri-id=\"66-c2\" id=\"about\" class=\"h-section h-section-global-spacing d-flex align-items-lg-center align-items-md-center align-items-center style-347 style-local-66-c2 position-relative\">\r\n    <!---->\r\n    <!---->\r\n    <div class=\"h-separator\" style=\"height: 100px; bottom: calc(0px);\">\r\n      <svg style=\"fill:rgb(7, 29, 122);\" xmlns=\"http:\/\/www.w3.org\/2000\/svg\" viewBox=\"0 0 1000 100\" preserveAspectRatio=\"none\">\r\n        <path class=\"svg-white-bg\" d=\"M737.9,94.7L0,0v100h1000V0L737.9,94.7z\"><\/path>\r\n      <\/svg>\r\n    <\/div>\r\n    <div class=\"h-section-grid-container h-section-boxed-container\">\r\n      <!---->\r\n      <div data-colibri-id=\"66-c3\" class=\"h-row-container gutters-row-lg-2 gutters-row-md-2 gutters-row-2 gutters-row-v-lg-2 gutters-row-v-md-2 gutters-row-v-2 style-348 style-local-66-c3 position-relative\">\r\n        <!---->\r\n        <div class=\"h-row justify-content-lg-center justify-content-md-center justify-content-center align-items-lg-stretch align-items-md-stretch align-items-stretch gutters-col-lg-2 gutters-col-md-2 gutters-col-2 gutters-col-v-lg-2 gutters-col-v-md-2 gutters-col-v-2\">\r\n          <!---->\r\n          <div class=\"h-column h-column-container d-flex h-col-lg-auto h-col-md-auto h-col-auto style-349-outer style-local-66-c4-outer\">\r\n            <div data-colibri-id=\"66-c4\" class=\"d-flex h-flex-basis h-column__inner h-px-lg-2 h-px-md-2 h-px-2 v-inner-lg-2 v-inner-md-2 v-inner-2 style-349 style-local-66-c4 position-relative\">\r\n              <!---->\r\n              <!---->\r\n              <div class=\"w-100 h-y-container h-column__content h-column__v-align flex-basis-100 align-self-lg-center align-self-md-center align-self-center\">\r\n                <!---->\r\n                <div data-colibri-id=\"66-c5\" class=\"h-global-transition-all h-heading style-350 style-local-66-c5 position-relative h-element\">\r\n                  <!---->\r\n                  <div class=\"h-heading__outer style-350 style-local-66-c5\">\r\n                    <!---->\r\n                    <!---->\r\n                    <h4 class=\"\">ARTPACK AMBALAJ VE EK\u0130PMANLARI SAN. T\u0130C. LTD. \u015eT\u0130.<\/h4>\r\n                  <\/div>\r\n                <\/div>\r\n                <div data-colibri-id=\"66-c6\" class=\"h-global-transition-all h-heading style-351 style-local-66-c6 position-relative h-element\">\r\n                  <!---->\r\n                  <div class=\"h-heading__outer style-351 style-local-66-c6\">\r\n                    <!---->\r\n                    <!---->\r\n                    <h3 class=\"\">Organize Sanayi B\u00f6lgesi\r\n                      <br>8. Cadde No:12 Eski\u015fehir<\/h3>\r\n                  <\/div>\r\n                <\/div>\r\n                <div data-colibri-id=\"66-c7\" class=\"h-lead h-text h-text-component style-352 style-local-66-c7 position-relative h-element\">\r\n                  <!---->\r\n                  <!---->\r\n                  <div class=\"\">\r\n                    <p>+90 222 2280806<\/p>\r\n                    <p>+90 543 7803121<\/p>\r\n                    <p>info@artpack.com.tr<\/p>\r\n                  <\/div>\r\n                <\/div>\r\n              <\/div>\r\n            <\/div>\r\n          <\/div>\r\n          <div class=\"h-column h-column-container d-flex h-col-lg-auto h-col-md-auto h-col-auto style-355-outer style-local-66-c8-outer\">\r\n            <div data-colibri-id=\"66-c8\" class=\"d-flex h-flex-basis h-column__inner h-px-lg-2 h-px-md-2 h-px-2 v-inner-lg-2 v-inner-md-2 v-inner-2 style-355 style-local-66-c8 position-relative\">\r\n              <!---->\r\n              <!---->\r\n              <div class=\"w-100 h-y-container h-column__content h-column__v-align flex-basis-100 align-self-lg-center align-self-md-center align-self-center\">\r\n                <!---->\r\n                <div data-colibri-id=\"66-c18\" class=\"h-x-container style-415 style-local-66-c18 position-relative h-element\">\r\n                  <!---->\r\n                  <div class=\"h-x-container-inner style-dynamic-66-c18-group style-415-spacing style-local-66-c18-spacing\"><span class=\"h-link__outer style-416-outer style-local-66-c19-outer d-inline-flex h-element\"><a h-use-smooth-scroll=\"true\" href=\"<iframe src=&quot;https:\/\/www.google.com\/maps\/embed?pb=!1m18!1m12!1m3!1d4401.571297108544!2d30.641142433552226!3d39.74505583902784!2m3!1f0!2f0!3f0!3m2!1i1024!2i768!4f13.1!3m3!1m2!1s0x14cc3c07824fcd8b%3A0xdc83a4584d964198!2sArtPack%20Packaging!5e0!3m2!1sen!2str!4v1689604018067!5m2!1sen!2str&quot; width=&quot;600&quot; height=&quot;450&quot; style=&quot;border:0;&quot; allowfullscreen=&quot;&quot; loading=&quot;lazy&quot; referrerpolicy=&quot;no-referrer-when-downgrade&quot;><\/iframe>&#8221;  data-colibri-id=&#8221;66-c19&#8243; class=&#8221;d-flex w-100 align-items-center h-link style-416 style-local-66-c19 position-relative&#8221;><!----><!----> <span><\/span><\/a>\r\n                    <\/span>\r\n                  <\/div>\r\n                <\/div>\r\n              <\/div>\r\n            <\/div>\r\n          <\/div>\r\n        <\/div>\r\n      <\/div>\r\n    <\/div>\r\n  <\/div>\r\n<\/div>","protected":false},"excerpt":{"rendered":"<p>ARTPACK AMBALAJ VE EK\u0130PMANLARI SAN. T\u0130C. LTD. \u015eT\u0130. Organize Sanayi B\u00f6lgesi 8. Cadde No:12 Eski\u015fehir +90 222 2280806 +90 543 7803121 info@artpack.com.tr<\/p>\n","protected":false},"author":1,"featured_media":0,"parent":0,"menu_order":0,"comment_status":"closed","ping_status":"closed","template":"page-templates\/full-width-page.php","meta":[],"_links":{"self":[{"href":"http:\/\/www.artpack.com.tr\/index.php\/wp-json\/wp\/v2\/pages\/66"}],"collection":[{"href":"http:\/\/www.artpack.com.tr\/index.php\/wp-json\/wp\/v2\/pages"}],"about":[{"href":"http:\/\/www.artpack.com.tr\/index.php\/wp-json\/wp\/v2\/types\/page"}],"author":[{"embeddable":true,"href":"http:\/\/www.artpack.com.tr\/index.php\/wp-json\/wp\/v2\/users\/1"}],"replies":[{"embeddable":true,"href":"http:\/\/www.artpack.com.tr\/index.php\/wp-json\/wp\/v2\/comments?post=66"}],"version-history":[{"count":11,"href":"http:\/\/www.artpack.com.tr\/index.php\/wp-json\/wp\/v2\/pages\/66\/revisions"}],"predecessor-version":[{"id":1127,"href":"http:\/\/www.artpack.com.tr\/index.php\/wp-json\/wp\/v2\/pages\/66\/revisions\/1127"}],"wp:attachment":[{"href":"http:\/\/www.artpack.com.tr\/index.php\/wp-json\/wp\/v2\/media?parent=66"}],"curies":[{"name":"wp","href":"https:\/\/api.w.org\/{rel}","templated":true}]}}