{"id":32,"date":"2023-05-01T19:53:54","date_gmt":"2023-05-01T19:53:54","guid":{"rendered":"http:\/\/www.artpack.com.tr\/index.php\/colibri-wp\/"},"modified":"2025-09-04T12:51:29","modified_gmt":"2025-09-04T12:51:29","slug":"colibri-wp","status":"publish","type":"page","link":"http:\/\/www.artpack.com.tr\/","title":{"rendered":"Front Page"},"content":{"rendered":"<div data-colibri-id=\"32-c1\" class=\"style-190 style-local-32-c1 position-relative\">\n  <!---->\n  <div data-colibri-component=\"section\" data-colibri-id=\"32-c2\" id=\"features\" class=\"h-section h-section-global-spacing d-flex align-items-lg-center align-items-md-center align-items-center style-205 style-local-32-c2 position-relative\">\n    <!---->\n    <!---->\n    <div class=\"h-section-grid-container h-section-boxed-container\">\n      <div data-colibri-id=\"32-c24\" class=\"h-row-container gutters-row-lg-2 gutters-row-md-2 gutters-row-0 gutters-row-v-lg-2 gutters-row-v-md-2 gutters-row-v-2 style-213 style-local-32-c24 position-relative\">\n        <!---->\n        <div class=\"h-row justify-content-lg-center justify-content-md-center justify-content-center align-items-lg-stretch align-items-md-stretch align-items-stretch gutters-col-lg-2 gutters-col-md-2 gutters-col-0 gutters-col-v-lg-2 gutters-col-v-md-2 gutters-col-v-2\">\n          <!---->\n          <div class=\"h-column h-column-container d-flex h-col-lg-auto h-col-md-auto h-col-auto style-214-outer style-local-32-c25-outer\">\n            <div data-colibri-id=\"32-c25\" class=\"d-flex h-flex-basis h-column__inner h-px-lg-2 h-px-md-2 h-px-2 v-inner-lg-2 v-inner-md-2 v-inner-2 style-214 style-local-32-c25 position-relative\">\n              <!---->\n              <!---->\n              <div class=\"w-100 h-y-container h-column__content h-column__v-align flex-basis-100 align-self-lg-start align-self-md-start align-self-start\">\n                <!---->\n                <div data-colibri-id=\"32-c26\" class=\"h-global-transition-all h-heading style-215 style-local-32-c26 position-relative h-element\">\n                  <!---->\n                  <div class=\"h-heading__outer style-215 style-local-32-c26\">\n                    <!---->\n                    <!---->\n                    <h2 class=\"\">Uzmanl\u0131k Alanlar\u0131m\u0131z<\/h2>\n                  <\/div>\n                <\/div>\n              <\/div>\n            <\/div>\n          <\/div>\n        <\/div>\n      <\/div>\n      <div data-colibri-id=\"32-c3\" class=\"h-row-container gutters-row-lg-2 gutters-row-md-2 gutters-row-2 gutters-row-v-lg-2 gutters-row-v-md-2 gutters-row-v-2 style-206 style-local-32-c3 position-relative\">\n        <!---->\n        <div class=\"h-row justify-content-lg-center justify-content-md-center justify-content-center align-items-lg-stretch align-items-md-stretch align-items-stretch gutters-col-lg-2 gutters-col-md-2 gutters-col-2 gutters-col-v-lg-2 gutters-col-v-md-2 gutters-col-v-2\">\n          <!---->\n          <div class=\"h-column h-column-container d-flex h-col-lg-6 h-col-md-6 h-col-12 style-207-outer style-local-32-c4-outer\">\n            <div data-colibri-id=\"32-c4\" class=\"d-flex h-flex-basis h-column__inner h-px-lg-3 h-px-md-3 h-px-2 v-inner-lg-3 v-inner-md-3 v-inner-2 style-207 style-local-32-c4 position-relative\">\n              <!---->\n              <!---->\n              <div class=\"w-100 h-y-container h-column__content h-column__v-align flex-basis-100 align-self-lg-start align-self-md-start align-self-start\">\n                <!---->\n                <div data-colibri-id=\"32-c5\" class=\"h-icon style-208 style-local-32-c5 position-relative h-element\">\n                  <!----><span class=\"h-svg-icon h-icon__icon style-208-icon style-local-32-c5-icon\"><!--Icon by Socicon (http:\/\/www.socicon.com)--><svg version=\"1.1\" xmlns=\"http:\/\/www.w3.org\/2000\/svg\" viewBox=\"0 0 1500 1500\">\n\n<path d=\"M1353 328.5l-540-312c-39-22.5-87-22.5-127.5 0l-540 312c-39 22.5-63 64.5-63 109.5v622.5c0 45 24 87 63 109.5l540 312c19.5 12 42 16.5 63 16.5 22.5 0 43.5-6 63-16.5l540-312c39-22.5 63-64.5 63-109.5v-622.5c1.5-45-22.5-87-61.5-109.5zM750 750v477l-412.5-238.5v-477l412.5-238.5 412.5 238.5-412.5 238.5z\"><\/path>\n<\/svg>\n<\/span><\/div>\n                <div data-colibri-id=\"32-c6\" class=\"h-global-transition-all h-heading style-209 style-local-32-c6 position-relative h-element\">\n                  <!---->\n                  <div class=\"h-heading__outer style-209 style-local-32-c6\">\n                    <!---->\n                    <!---->\n                    <h4 class=\"\">Kasa\/Sand\u0131k \u00dcretimi<\/h4>\n                  <\/div>\n                <\/div>\n                <div data-colibri-id=\"32-c7\" class=\"h-text h-text-component style-210 style-local-32-c7 position-relative h-element\">\n                  <!---->\n                  <!---->\n                  <div class=\"\">\n                    <p><span style=\"color: rgb(48, 39, 22); font-weight: 400;\">\u00dcr\u00fcn\u00fcn\u00fcze \u00f6zel kasa tasar\u0131mlar\u0131 ile \u00e7\u00f6z\u00fcm ortaklar\u0131n\u0131n <\/span><strong style=\"color: rgb(48, 39, 22); font-weight: 700;\">deniz, kara<\/strong><span style=\"color: rgb(48, 39, 22); font-weight: 400;\"> ve <\/span>\n                      <strong\n                        style=\"color: rgb(48, 39, 22); font-weight: 700;\">hava yolu<\/strong><span style=\"color: rgb(48, 39, 22); font-weight: 400;\"> sevkiyatlar\u0131nda y\u00fcksek hassasiyette \u00fcr\u00fcn koruma sa\u011flamaktay\u0131z.<\/span><\/p>\n                  <\/div>\n                <\/div>\n              <\/div>\n            <\/div>\n          <\/div>\n          <div class=\"h-column h-column-container d-flex h-col-lg-6 h-col-md-6 h-col-12 style-395-outer style-local-32-c8-outer\">\n            <div data-colibri-id=\"32-c8\" class=\"d-flex h-flex-basis h-column__inner h-ui-empty-state-container h-px-lg-2 h-px-md-2 h-px-2 v-inner-lg-2 v-inner-md-2 v-inner-2 style-395 style-local-32-c8 position-relative\">\n              <!---->\n              <!---->\n              <div class=\"w-100 h-y-container h-column__content h-column__v-align flex-basis-100\">\n                <!---->\n              <\/div>\n            <\/div>\n          <\/div>\n          <div class=\"h-column h-column-container d-flex h-col-lg-6 h-col-md-6 h-col-12 style-207-outer style-local-32-c9-outer\">\n            <div data-colibri-id=\"32-c9\" class=\"d-flex h-flex-basis h-column__inner h-px-lg-3 h-px-md-3 h-px-2 v-inner-lg-3 v-inner-md-3 v-inner-2 style-207 style-local-32-c9 position-relative\">\n              <!---->\n              <!---->\n              <div class=\"w-100 h-y-container h-column__content h-column__v-align flex-basis-100 align-self-lg-start align-self-md-start align-self-start\">\n                <!---->\n                <div data-colibri-id=\"32-c10\" class=\"h-icon style-208 style-local-32-c10 position-relative h-element\">\n                  <!----><span class=\"h-svg-icon h-icon__icon style-208-icon style-local-32-c10-icon\"><!--Icon by Icons8 Line Awesome (https:\/\/icons8.com\/line-awesome)--><svg version=\"1.1\" xmlns=\"http:\/\/www.w3.org\/2000\/svg\" xmlns:xlink=\"http:\/\/www.w3.org\/1999\/xlink\" id=\"table\" viewBox=\"0 0 512 545.5\"><path d=\"M80 112h352v352H80V112zm32 32v80h80v-80h-80zm112 0v80h64v-80h-64zm96 0v80h80v-80h-80zM112 256v64h80v-64h-80zm112 0v64h64v-64h-64zm96 0v64h80v-64h-80zm-208 96v80h80v-80h-80zm112 0v80h64v-80h-64zm96 0v80h80v-80h-80z\"><\/path><\/svg><\/span><\/div>\n                <div\n                  data-colibri-id=\"32-c11\" class=\"h-global-transition-all h-heading style-209 style-local-32-c11 position-relative h-element\">\n                  <!---->\n                  <div class=\"h-heading__outer style-209 style-local-32-c11\">\n                    <!---->\n                    <!---->\n                    <h4 class=\"\">Koruma S\u00fcngeri \u00dcretimi<\/h4>\n                  <\/div>\n              <\/div>\n              <div data-colibri-id=\"32-c12\" class=\"h-text h-text-component style-210 style-local-32-c12 position-relative h-element\">\n                <!---->\n                <!---->\n                <div class=\"\">\n                  <p>\u00dcr\u00fcnlerinizi fabrika i\u00e7i veya fabrika d\u0131\u015f\u0131 sevkiyat\u0131 s\u0131ras\u0131nda zarar g\u00f6rmeden ula\u015ft\u0131rabilmek ve maddi zarar\u0131 engellemek \u00fczere kullan\u0131lmakta ve biz de \u00fcretmekteyiz.<\/p>\n                <\/div>\n              <\/div>\n            <\/div>\n          <\/div>\n        <\/div>\n        <div class=\"h-column h-column-container d-flex h-col-lg-6 h-col-md-6 h-col-12 style-397-outer style-local-32-c13-outer\">\n          <div data-colibri-id=\"32-c13\" class=\"d-flex h-flex-basis h-column__inner h-ui-empty-state-container h-px-lg-2 h-px-md-2 h-px-2 v-inner-lg-2 v-inner-md-2 v-inner-2 style-397 style-local-32-c13 position-relative\">\n            <!---->\n            <!---->\n            <div class=\"w-100 h-y-container h-column__content h-column__v-align flex-basis-100\">\n              <!---->\n            <\/div>\n          <\/div>\n        <\/div>\n        <div class=\"h-column h-column-container d-flex h-col-lg-6 h-col-md-6 h-col-12 style-207-outer style-local-32-c14-outer\">\n          <div data-colibri-id=\"32-c14\" class=\"d-flex h-flex-basis h-column__inner h-px-lg-3 h-px-md-3 h-px-2 v-inner-lg-3 v-inner-md-3 v-inner-2 style-207 style-local-32-c14 position-relative\">\n            <!---->\n            <!---->\n            <div class=\"w-100 h-y-container h-column__content h-column__v-align flex-basis-100 align-self-lg-start align-self-md-start align-self-start\">\n              <!---->\n              <div data-colibri-id=\"32-c15\" class=\"h-icon style-208 style-local-32-c15 position-relative h-element\">\n                <!----><span class=\"h-svg-icon h-icon__icon style-208-icon style-local-32-c15-icon\"><!--Icon by Socicon (http:\/\/www.socicon.com)--><svg version=\"1.1\" xmlns=\"http:\/\/www.w3.org\/2000\/svg\" viewBox=\"0 0 1500 1500\">\n\n<path d=\"M1309.57 445.313c105.469 0 187.5-84.961 187.5-187.5s-82.031-187.5-187.5-187.5c-102.539 0-184.57 84.961-184.57 187.5s82.031 187.5 184.57 187.5zM1309.57 562.5c-102.539 0-184.57 84.961-184.57 187.5s82.031 187.5 184.57 187.5c105.469 0 187.5-84.961 187.5-187.5s-82.031-187.5-187.5-187.5zM1309.57 1054.688c-102.539 0-184.57 84.961-184.57 187.5s82.031 187.5 184.57 187.5c105.469 0 187.5-84.961 187.5-187.5s-82.031-187.5-187.5-187.5zM744.141 70.313c-102.539 0-187.5 84.961-187.5 187.5s84.961 187.5 187.5 187.5c102.539 0 187.5-84.961 187.5-187.5s-84.961-187.5-187.5-187.5zM744.141 562.5c-102.539 0-187.5 84.961-187.5 187.5s84.961 187.5 187.5 187.5c102.539 0 187.5-84.961 187.5-187.5s-84.961-187.5-187.5-187.5zM184.57 70.313c-102.539 0-187.5 84.961-187.5 187.5s84.961 187.5 187.5 187.5c102.539 0 187.5-84.961 187.5-187.5s-84.961-187.5-187.5-187.5z\"><\/path>\n<\/svg>\n<\/span><\/div>\n              <div data-colibri-id=\"32-c16\" class=\"h-global-transition-all h-heading style-209 style-local-32-c16 position-relative h-element\">\n                <!---->\n                <div class=\"h-heading__outer style-209 style-local-32-c16\">\n                  <!---->\n                  <!---->\n                  <h4 class=\"\">YALIN \u00dcRET\u0130M S\u0130STEMLER\u0130<\/h4>\n                <\/div>\n              <\/div>\n              <div data-colibri-id=\"32-c17\" class=\"h-text h-text-component style-210 style-local-32-c17 position-relative h-element\">\n                <!---->\n                <!---->\n                <div class=\"\">\n                  <p>5S, 6\u03c3, Kaizen gibi verimlilik y\u00fckseltmek i\u00e7in kullan\u0131lan operasyon y\u00f6netim stratejilerine uygun yal\u0131n \u00fcretim raf, araba, \u00e7ekmece vb. sistemleri \u00fcretiyoruz.<\/p>\n                <\/div>\n              <\/div>\n            <\/div>\n          <\/div>\n        <\/div>\n        <div class=\"h-column h-column-container d-flex h-col-lg-6 h-col-md-6 h-col-12 style-399-outer style-local-32-c18-outer\">\n          <div data-colibri-id=\"32-c18\" class=\"d-flex h-flex-basis h-column__inner h-ui-empty-state-container h-px-lg-2 h-px-md-2 h-px-2 v-inner-lg-2 v-inner-md-2 v-inner-2 style-399 style-local-32-c18 position-relative\">\n            <!---->\n            <!---->\n            <div class=\"w-100 h-y-container h-column__content h-column__v-align flex-basis-100\">\n              <!---->\n            <\/div>\n          <\/div>\n        <\/div>\n        <div class=\"h-column h-column-container d-flex h-col-lg-6 h-col-md-6 h-col-12 style-207-outer style-local-32-c19-outer\">\n          <div data-colibri-id=\"32-c19\" class=\"d-flex h-flex-basis h-column__inner h-px-lg-3 h-px-md-3 h-px-2 v-inner-lg-3 v-inner-md-3 v-inner-2 style-207 style-local-32-c19 position-relative\">\n            <!---->\n            <!---->\n            <div class=\"w-100 h-y-container h-column__content h-column__v-align flex-basis-100 align-self-lg-start align-self-md-start align-self-start\">\n              <!---->\n              <div data-colibri-id=\"32-c20\" class=\"h-icon style-208 style-local-32-c20 position-relative h-element\">\n                <!----><span class=\"h-svg-icon h-icon__icon style-208-icon style-local-32-c20-icon\"><!--Icon by Font Awesome (https:\/\/fontawesome.com)-->\n    <svg version=\"1.1\" xmlns=\"http:\/\/www.w3.org\/2000\/svg\" xmlns:xlink=\"http:\/\/www.w3.org\/1999\/xlink\" id=\"space-shuttle\" viewBox=\"0 0 2176 1896.0833\">\n      <path d=\"M620 1120q-110 64-268 64H224v-64h-64q-13 0-22.5-23.5T128 1040q0-24 7-49-58-2-96.5-10.5T0 960t38.5-20.5T135 929q-7-25-7-49 0-33 9.5-56.5T160 800h64v-64h128q158 0 268 64h1113q42 7 106.5 18t80.5 14q89 15 150 40.5t83.5 47.5 22.5 40-22.5 40-83.5 47.5-150 40.5q-16 3-80.5 14t-106.5 18H620zm1119-252q53 36 53 92t-53 92l81 30q68-48 68-122t-68-122zM625 1136h1015q-217 38-456 80-57 0-113 24t-83 48l-28 24-288 288q-26 26-70.5 45t-89.5 19h-96l-93-464h29q157 0 273-64zM352 720h-29l93-464h96q46 0 90 19t70 45l288 288q4 4 11 10.5t30.5 23 48.5 29 61.5 23T1184 704l456 80H625q-116-64-273-64z\"><\/path>\n    <\/svg><\/span><\/div>\n              <div data-colibri-id=\"32-c21\" class=\"h-global-transition-all h-heading style-209 style-local-32-c21 position-relative h-element\">\n                <!---->\n                <div class=\"h-heading__outer style-209 style-local-32-c21\">\n                  <!---->\n                  <!---->\n                  <h4 class=\"\">\u0130htiyac\u0131n\u0131za \u00f6zel Tasar\u0131m<\/h4>\n                <\/div>\n              <\/div>\n              <div data-colibri-id=\"32-c22\" class=\"h-text h-text-component style-210 style-local-32-c22 position-relative h-element\">\n                <!---->\n                <!---->\n                <div class=\"\">\n                  <p>Korunmas\u0131 gereken \u00fcr\u00fcn\u00fcn\u00fcze \u00f6zel, eksiksiz tasar\u0131mlar yaratarak sizlerin ihtiya\u00e7lar\u0131na en uygun ve ekonomik \u00e7\u00f6z\u00fcmleri sunuyoruz.<\/p>\n                <\/div>\n              <\/div>\n            <\/div>\n          <\/div>\n        <\/div>\n        <div class=\"h-column h-column-container d-flex h-col-lg-6 h-col-md-6 h-col-12 style-398-outer style-local-32-c23-outer\">\n          <div data-colibri-id=\"32-c23\" class=\"d-flex h-flex-basis h-column__inner h-ui-empty-state-container h-px-lg-2 h-px-md-2 h-px-2 v-inner-lg-2 v-inner-md-2 v-inner-2 style-398 style-local-32-c23 position-relative\">\n            <!---->\n            <!---->\n            <div class=\"w-100 h-y-container h-column__content h-column__v-align flex-basis-100\">\n              <!---->\n            <\/div>\n          <\/div>\n        <\/div>\n      <\/div>\n    <\/div>\n  <\/div>\n<\/div>\n<\/div>","protected":false},"excerpt":{"rendered":"<p>Uzmanl\u0131k Alanlar\u0131m\u0131z Kasa\/Sand\u0131k \u00dcretimi \u00dcr\u00fcn\u00fcn\u00fcze \u00f6zel kasa tasar\u0131mlar\u0131 ile \u00e7\u00f6z\u00fcm ortaklar\u0131n\u0131n deniz, kara ve hava yolu sevkiyatlar\u0131nda y\u00fcksek hassasiyette \u00fcr\u00fcn koruma sa\u011flamaktay\u0131z. Koruma S\u00fcngeri \u00dcretimi \u00dcr\u00fcnlerinizi fabrika i\u00e7i veya fabrika d\u0131\u015f\u0131 sevkiyat\u0131 s\u0131ras\u0131nda zarar g\u00f6rmeden ula\u015ft\u0131rabilmek ve maddi zarar\u0131 engellemek \u00fczere kullan\u0131lmakta ve biz de \u00fcretmekteyiz. YALIN \u00dcRET\u0130M S\u0130STEMLER\u0130 5S, 6\u03c3, Kaizen gibi verimlilik y\u00fckseltmek [&hellip;]<\/p>\n","protected":false},"author":1,"featured_media":0,"parent":0,"menu_order":0,"comment_status":"closed","ping_status":"closed","template":"page-templates\/homepage.php","meta":[],"_links":{"self":[{"href":"http:\/\/www.artpack.com.tr\/index.php\/wp-json\/wp\/v2\/pages\/32"}],"collection":[{"href":"http:\/\/www.artpack.com.tr\/index.php\/wp-json\/wp\/v2\/pages"}],"about":[{"href":"http:\/\/www.artpack.com.tr\/index.php\/wp-json\/wp\/v2\/types\/page"}],"author":[{"embeddable":true,"href":"http:\/\/www.artpack.com.tr\/index.php\/wp-json\/wp\/v2\/users\/1"}],"replies":[{"embeddable":true,"href":"http:\/\/www.artpack.com.tr\/index.php\/wp-json\/wp\/v2\/comments?post=32"}],"version-history":[{"count":20,"href":"http:\/\/www.artpack.com.tr\/index.php\/wp-json\/wp\/v2\/pages\/32\/revisions"}],"predecessor-version":[{"id":1452,"href":"http:\/\/www.artpack.com.tr\/index.php\/wp-json\/wp\/v2\/pages\/32\/revisions\/1452"}],"wp:attachment":[{"href":"http:\/\/www.artpack.com.tr\/index.php\/wp-json\/wp\/v2\/media?parent=32"}],"curies":[{"name":"wp","href":"https:\/\/api.w.org\/{rel}","templated":true}]}}